{"id":696,"date":"2022-12-12T17:13:35","date_gmt":"2022-12-12T16:13:35","guid":{"rendered":"http:\/\/saeg.it\/?page_id=696"},"modified":"2023-04-02T19:13:07","modified_gmt":"2023-04-02T17:13:07","slug":"privacy-policy","status":"publish","type":"page","link":"https:\/\/saeg.it\/fr\/privacy-policy\/","title":{"rendered":"Privacy Policy"},"content":{"rendered":"<h2>Politique de confidentialit\u00e9<\/h2>\n<p>Ces informations sont fournies conform\u00e9ment au r\u00e8glement UE 679\/2016, relatif \u00e0 la protection des donn\u00e9es \u00e0 caract\u00e8re personnel, aux utilisateurs du site www.saeg.it, accessible depuis la page web www.saeg.it. La d\u00e9claration d\u00e9crit les modalit\u00e9s de gestion des donn\u00e9es personnelles des utilisateurs qui consultent le site et utilisent ses services, par exemple en envoyant des informations via les formulaires pr\u00e9vus \u00e0 cet effet. Les informations sont limit\u00e9es au site en question et n&rsquo;ont aucune valeur pour les sites externes, m\u00eame s&rsquo;ils sont consult\u00e9s \u00e0 partir de liens pr\u00e9sents sur ces derniers. L&rsquo;utilisation du site constitue une acceptation implicite du contenu de la pr\u00e9sente note d&rsquo;information. SAEG se r\u00e9serve le droit de modifier ce document \u00e0 tout moment.<\/p>\n<h3>Responsable du traitement des donn\u00e9es et sous-traitant<\/h3>\n<p>Le responsable du traitement des donn\u00e9es, ci-apr\u00e8s d\u00e9nomm\u00e9 \u00ab\u00a0Responsable du traitement\u00a0\u00bb, est SAEG srl, Corso di Vittorio Giuseppe, 51, 27029 Vigevano PV P.I. 01137440184.<\/p>\n<h3>Lieu du traitement des donn\u00e9es<\/h3>\n<p>Les op\u00e9rations de traitement li\u00e9es aux services du site ont lieu chez SAEG srl, Corso di Vittorio Giuseppe, 51, 27029 Vigevano PV P.I. 01137440184.<\/p>\n<h3>P\u00e9riode de stockage<\/h3>\n<p>Les donn\u00e9es sont trait\u00e9es et conserv\u00e9es pendant la dur\u00e9e n\u00e9cessaire aux finalit\u00e9s pour lesquelles elles ont \u00e9t\u00e9 collect\u00e9es. Par cons\u00e9quent, les donn\u00e9es sont trait\u00e9es et stock\u00e9es pendant la dur\u00e9e n\u00e9cessaire aux fins pour lesquelles elles ont \u00e9t\u00e9 collect\u00e9es :<\/p>\n<p>Les donn\u00e9es personnelles collect\u00e9es \u00e0 des fins li\u00e9es \u00e0 l&rsquo;ex\u00e9cution d&rsquo;un contrat entre le responsable du traitement des donn\u00e9es et l&rsquo;utilisateur seront conserv\u00e9es jusqu&rsquo;\u00e0 la fin de l&rsquo;ex\u00e9cution de ce contrat.<br \/>\nLes donn\u00e9es personnelles collect\u00e9es \u00e0 des fins li\u00e9es \u00e0 l&rsquo;int\u00e9r\u00eat l\u00e9gitime du contr\u00f4leur des donn\u00e9es seront conserv\u00e9es jusqu&rsquo;\u00e0 ce que cet int\u00e9r\u00eat soit satisfait. L&rsquo;utilisateur peut obtenir de plus amples informations concernant l&rsquo;int\u00e9r\u00eat l\u00e9gitime poursuivi par le responsable du traitement dans les sections pertinentes du pr\u00e9sent document ou en contactant le responsable du traitement.<br \/>\nLorsque le traitement est fond\u00e9 sur le consentement de l&rsquo;utilisateur, le responsable du traitement peut conserver les donn\u00e9es personnelles plus longtemps, jusqu&rsquo;\u00e0 ce que ce consentement soit r\u00e9voqu\u00e9. En outre, le responsable du traitement peut \u00eatre tenu de conserver les donn\u00e9es personnelles pendant une p\u00e9riode plus longue en vertu d&rsquo;une obligation l\u00e9gale ou sur ordre d&rsquo;une autorit\u00e9.<\/p>\n<p>\u00c0 la fin de la p\u00e9riode de conservation, les donn\u00e9es personnelles seront supprim\u00e9es. Par cons\u00e9quent, \u00e0 la fin de cette p\u00e9riode, le droit d&rsquo;acc\u00e8s, d&rsquo;effacement, de rectification et le droit \u00e0 la portabilit\u00e9 des donn\u00e9es ne peuvent plus \u00eatre exerc\u00e9s.<\/p>\n<h2>Base du traitement<\/h2>\n<p>Ces informations sont fournies conform\u00e9ment au r\u00e8glement UE 679\/2016, relatif \u00e0 la protection des donn\u00e9es \u00e0 caract\u00e8re personnel, aux utilisateurs du site web www.saeg.it, ci-apr\u00e8s d\u00e9nomm\u00e9 \u00a0\u00bb site web \u00ab\u00a0, accessible \u00e0 partir de la page du site web www.saeg.it. Les informations d\u00e9crivent comment sont g\u00e9r\u00e9es les donn\u00e9es \u00e0 caract\u00e8re personnel des utilisateurs qui consultent le site web et utilisent ses services, par exemple en envoyant des informations par le biais des formulaires pr\u00e9sents. Les informations sont limit\u00e9es au site en question et n&rsquo;ont aucune valeur pour les sites externes, m\u00eame s&rsquo;ils sont consult\u00e9s \u00e0 partir des liens pr\u00e9sents sur ces derniers. L&rsquo;utilisation du site constitue une acceptation implicite de ce qui est \u00e9nonc\u00e9 dans la pr\u00e9sente note d&rsquo;information. Le responsable du traitement se r\u00e9serve le droit de modifier ce document \u00e0 tout moment. Le responsable du traitement traite les donn\u00e9es personnelles relatives \u00e0 l&rsquo;utilisateur si l&rsquo;une des conditions suivantes est remplie<\/p>\n<p>l&rsquo;Utilisateur a donn\u00e9 son consentement pour une ou plusieurs finalit\u00e9s<\/p>\n<ul>\n<li>le traitement est n\u00e9cessaire \u00e0 l&rsquo;ex\u00e9cution d&rsquo;un contrat avec l&rsquo;Utilisateur et\/ou \u00e0 l&rsquo;ex\u00e9cution de mesures pr\u00e9contractuelles<\/li>\n<li>le traitement est n\u00e9cessaire \u00e0 l&rsquo;ex\u00e9cution d&rsquo;une obligation l\u00e9gale \u00e0 laquelle le responsable du traitement est soumis ;<\/li>\n<li>le traitement est n\u00e9cessaire \u00e0 la poursuite de l&rsquo;int\u00e9r\u00eat l\u00e9gitime du responsable du traitement ou de tiers.<\/li>\n<\/ul>\n<p>Toutefois, il est toujours possible de demander au responsable du traitement de clarifier la base juridique concr\u00e8te de chaque traitement et, en particulier, de pr\u00e9ciser si le traitement est fond\u00e9 sur la loi, exig\u00e9 par un contrat ou n\u00e9cessaire \u00e0 la conclusion d&rsquo;un contrat.<\/p>\n<h3>Types de donn\u00e9es trait\u00e9es et finalit\u00e9s du traitement<\/p>\n<p>Donn\u00e9es de navigation<\/h3>\n<p>Les syst\u00e8mes informatiques et les proc\u00e9dures d&rsquo;application utilis\u00e9s pour le fonctionnement du site acqui\u00e8rent, au cours de leur fonctionnement normal, certaines donn\u00e9es personnelles dont la transmission est implicite dans l&rsquo;utilisation des protocoles de communication Internet. Cette cat\u00e9gorie de donn\u00e9es comprend les adresses en notation URI (Uniform Resource Identifier) des ressources demand\u00e9es, l&rsquo;heure de la demande, la m\u00e9thode utilis\u00e9e pour soumettre la demande au serveur, la taille du fichier obtenu en r\u00e9ponse, le code num\u00e9rique indiquant l&rsquo;\u00e9tat de la r\u00e9ponse donn\u00e9e par le serveur (succ\u00e8s, erreur, etc.) et d&rsquo;autres param\u00e8tres relatifs au syst\u00e8me d&rsquo;exploitation et \u00e0 l&rsquo;environnement informatique de l&rsquo;utilisateur. Ces informations ne sont pas associ\u00e9es \u00e0 des utilisateurs identifi\u00e9s ; les donn\u00e9es de navigation sont normalement utilis\u00e9es par le responsable du traitement dans le seul but d&rsquo;obtenir des informations statistiques anonymes sur l&rsquo;utilisation du site et d&rsquo;en v\u00e9rifier le bon fonctionnement ; les donn\u00e9es pourraient \u00eatre consult\u00e9es par les autorit\u00e9s judiciaires pour d\u00e9terminer les responsabilit\u00e9s en cas d&rsquo;hypoth\u00e9tiques d\u00e9lits informatiques.<\/p>\n<h3>Cookies<\/h3>\n<p>Les \u00ab\u00a0cookies\u00a0\u00bb sont de courts fragments de texte qui, lorsque l&rsquo;utilisateur acc\u00e8de au site ou utilise ses services, peuvent \u00eatre d\u00e9pos\u00e9s sur l&rsquo;appareil de l&rsquo;utilisateur (ordinateur, tablette, smartphone, autre) et utilis\u00e9s \u00e0 diverses fins : pour permettre \u00e0 l&rsquo;utilisateur une navigation s\u00fbre et efficace, pour surveiller l&rsquo;utilisation et le fonctionnement du site, pour analyser les mod\u00e8les de trafic agr\u00e9g\u00e9s du site, pour effectuer des op\u00e9rations de remarketing. Pour plus d&rsquo;informations sur les cookies et la liste des cookies utilis\u00e9s sur ce site, veuillez vous r\u00e9f\u00e9rer \u00e0 la Politique en mati\u00e8re de<a href=\"https:\/\/saeg.it\/fr\/cookie-policy\/\"> cookies sur le site<\/a>.<\/p>\n<h2>Donn\u00e9es fournies par l&rsquo;utilisateur<\/h2>\n<h3>Donn\u00e9es fournies volontairement par l&rsquo;envoi de courrier \u00e9lectronique<\/h3>\n<p>L&rsquo;envoi facultatif, explicite et volontaire de courrier \u00e9lectronique aux adresses indiqu\u00e9es sur ce site entra\u00eene le traitement ult\u00e9rieur de l&rsquo;adresse de l&rsquo;exp\u00e9diteur et de toute autre information contenue dans le message, dans le seul but de r\u00e9pondre \u00e0 la demande de l&rsquo;utilisateur. Nous invitons nos utilisateurs \u00e0 ne pas envoyer de noms ou d&rsquo;autres donn\u00e9es personnelles de tiers qui ne sont pas strictement n\u00e9cessaires. Les donn\u00e9es personnelles fournies par les utilisateurs qui demandent l&rsquo;envoi de mat\u00e9riel d&rsquo;information sont utilis\u00e9es uniquement dans le but d&rsquo;ex\u00e9cuter le service ou la prestation demand\u00e9e et ne sont communiqu\u00e9es \u00e0 des tiers que si cela est n\u00e9cessaire \u00e0 cette fin.<\/p>\n<h3>Donn\u00e9es fournies en remplissant et en envoyant d&rsquo;autres formulaires pr\u00e9\u00e9tablis<\/h3>\n<p>Dans la section \u00ab\u00a0Contacts\u00a0\u00bb et dans la section \u00ab\u00a0Boutique\u00a0\u00bb, il existe des formulaires de demande d&rsquo;informations dans lesquels sont demand\u00e9es des donn\u00e9es personnelles de diff\u00e9rentes natures strictement n\u00e9cessaires \u00e0 l&rsquo;ex\u00e9cution du service demand\u00e9 (par exemple, le nom, l&rsquo;adresse, le courrier \u00e9lectronique). Les donn\u00e9es communiqu\u00e9es par l&rsquo;utilisateur seront trait\u00e9es par le responsable du traitement uniquement dans le but de fournir \u00e0 l&rsquo;utilisateur le service demand\u00e9. L&rsquo;utilisateur peut \u00e0 tout moment demander au contr\u00f4leur de suspendre le traitement de ses donn\u00e9es avec effet imm\u00e9diat en \u00e9crivant \u00e0 info@saeg.it. Le traitement des donn\u00e9es est effectu\u00e9 par le personnel d\u00e9sign\u00e9 \u00e0 l&rsquo;aide d&rsquo;outils \u00e9lectroniques et, dans le cas de l&rsquo;envoi automatique d&rsquo;informations p\u00e9riodiques (par exemple, l&rsquo;abonnement au bulletin d&rsquo;information), \u00e0 l&rsquo;aide de m\u00e9thodes automatis\u00e9es : plus pr\u00e9cis\u00e9ment, dans ce cas, le personnel d\u00e9sign\u00e9 inscrira l&rsquo;adresse \u00e9lectronique fournie par l&rsquo;utilisateur dans la liste de diffusion du contr\u00f4leur ; l&rsquo;envoi ult\u00e9rieur des communications sera enti\u00e8rement automatis\u00e9. Les donn\u00e9es de l&rsquo;Utilisateur peuvent \u00e9galement \u00eatre communiqu\u00e9es \u00e0 des tiers d\u00e9sign\u00e9s par le Responsable du traitement dans la mesure o\u00f9 cela est n\u00e9cessaire \u00e0 l&rsquo;ex\u00e9cution du service demand\u00e9. Le Propri\u00e9taire adopte des mesures de s\u00e9curit\u00e9 appropri\u00e9es pour emp\u00eacher l&rsquo;acc\u00e8s non autoris\u00e9, la divulgation, la modification ou la destruction des donn\u00e9es personnelles.<\/p>\n<h3>Services utilis\u00e9s<\/h3>\n<p><strong>Google Analytics<\/strong><br \/>\nLe site utilise Google Analytics de mani\u00e8re anonyme, les cookies sont assimil\u00e9s \u00e0 des cookies techniques et utilis\u00e9s \u00e0 des fins statistiques uniquement. <a href=\"https:\/\/www.google.com\/policies\/privacy\/partners\/\" target=\"_blank\" rel=\"noopener\">Privacy Policy<\/a><\/p>\n<p><strong>Google Maps<\/strong><br \/>\nLe site utilise Google Maps pour afficher la carte. <a href=\"https:\/\/www.google.com\/policies\/privacy\/partners\/\" target=\"_blank\" rel=\"noopener\">Privacy Policy<\/a><\/p>\n<p><strong>Google Fonts<\/strong><br \/>\nLe site utilise les polices Google. <a href=\"https:\/\/www.google.com\/policies\/privacy\/partners\/\" target=\"_blank\" rel=\"noopener\">Privacy Policy<\/a><\/p>\n<p><strong>Font Awesome<\/strong><br \/>\nLe site utilise Font Awesome pour la g\u00e9n\u00e9ration des ic\u00f4nes.. <a href=\"https:\/\/fontawesome.com\/privacy\" target=\"_blank\" rel=\"noopener\">Privacy Policy<\/a><\/p>\n<p><strong>Iubenda<\/strong><br \/>\nService utilis\u00e9 pour la gestion de la politique en mati\u00e8re de confidentialit\u00e9 et de cookies. <a href=\"https:\/\/www.iubenda.com\/privacy-policy\/775731\" target=\"_blank\" rel=\"noopener\">Privacy Policy<\/a><\/p>\n<p><strong>Hcaptcha<\/strong><br \/>\nLe site utilise Hcaptcha, un service de protection contre le SPAM..<a href=\"https:\/\/www.hcaptcha.com\/privacy\" target=\"_blank\" rel=\"noopener\"> Privacy Policy<\/a><\/p>\n<h2>Fourniture facultative de donn\u00e9es<\/h2>\n<p>Outre ce qui a \u00e9t\u00e9 sp\u00e9cifi\u00e9 pour les donn\u00e9es de navigation, l&rsquo;utilisateur est libre de fournir des donn\u00e9es personnelles au contr\u00f4leur par le biais de l&rsquo;envoi facultatif et volontaire de courrier \u00e9lectronique aux adresses indiqu\u00e9es sur le site ou en remplissant et en envoyant les formulaires \u00e9lectroniques d\u00e9j\u00e0 fournis. Si l&rsquo;utilisateur souhaite recevoir le service demand\u00e9, il doit fournir au moins les donn\u00e9es marqu\u00e9es d&rsquo;un ast\u00e9risque (*).<\/p>\n<h2>Droits des personnes concern\u00e9es<\/h2>\n<p>Conform\u00e9ment au r\u00e8glement (UE) n\u00b0 679\/2016 (droit d&rsquo;acc\u00e8s aux donn\u00e9es \u00e0 caract\u00e8re personnel et autres droits), la personne concern\u00e9e a le droit<\/p>\n<ol>\n<li>d&rsquo;obtenir la confirmation de l&rsquo;existence ou non de donn\u00e9es \u00e0 caract\u00e8re personnel la concernant, ind\u00e9pendamment du fait qu&rsquo;elles soient d\u00e9j\u00e0 enregistr\u00e9es, ainsi que la communication de ces donn\u00e9es sous une forme intelligible<\/li>\n<li>d&rsquo;obtenir des informations sur : a) l&rsquo;origine des donn\u00e9es personnelles, b) les finalit\u00e9s et les modalit\u00e9s du traitement, c) la logique appliqu\u00e9e en cas de traitement effectu\u00e9 \u00e0 l&rsquo;aide d&rsquo;instruments \u00e9lectroniques, d) les \u00e9l\u00e9ments d&rsquo;identification du titulaire, des responsables et du repr\u00e9sentant d\u00e9sign\u00e9, e) les sujets ou les cat\u00e9gories de sujets auxquels les donn\u00e9es peuvent \u00eatre communiqu\u00e9es ou qui peuvent en prendre connaissance en qualit\u00e9 de repr\u00e9sentant d\u00e9sign\u00e9 sur le territoire de l&rsquo;\u00c9tat, de responsables ou de pr\u00e9pos\u00e9s au traitement<\/li>\n<li>obtenir a) la mise \u00e0 jour, la rectification ou, le cas \u00e9ch\u00e9ant, l&rsquo;int\u00e9gration des donn\u00e9es, b) l&rsquo;effacement, la transformation sous forme anonyme ou le blocage des donn\u00e9es trait\u00e9es en violation de la loi, y compris celles dont la conservation n&rsquo;est pas n\u00e9cessaire pour les finalit\u00e9s pour lesquelles les donn\u00e9es ont \u00e9t\u00e9 collect\u00e9es ou trait\u00e9es par la suite c) l&rsquo;attestation que les op\u00e9rations vis\u00e9es aux lettres a) et b) ont \u00e9t\u00e9 notifi\u00e9es, y compris en ce qui concerne leur contenu, aux entit\u00e9s auxquelles les donn\u00e9es ont \u00e9t\u00e9 communiqu\u00e9es ou diffus\u00e9es, \u00e0 moins que cette exigence ne s&rsquo;av\u00e8re impossible ou n&rsquo;implique un effort manifestement disproportionn\u00e9 par rapport au droit \u00e0 prot\u00e9ger.<\/li>\n<li>s&rsquo;opposer, en tout ou en partie : a) pour des raisons l\u00e9gitimes, au traitement des donn\u00e9es personnelles qui le concernent, m\u00eame si elles sont pertinentes par rapport \u00e0 la finalit\u00e9 de la collecte, b) au traitement des donn\u00e9es personnelles qui le concernent, lorsqu&rsquo;il est effectu\u00e9 \u00e0 des fins d&rsquo;envoi de mat\u00e9riel publicitaire ou de vente directe ou encore pour la r\u00e9alisation d&rsquo;\u00e9tudes de march\u00e9 ou de communication commerciale.<\/li>\n<\/ol>\n<p>Toute demande doit \u00eatre adress\u00e9e \u00e0 : info@saeg.it<\/p>\n<h3>Politique de confidentialit\u00e9 compl\u00e8te<\/h3>\n<p>La politique de confidentialit\u00e9 <a href=\"https:\/\/www.iubenda.com\/privacy-policy\/48150979\" target=\"_blank\" rel=\"noopener\">compl\u00e8te peut \u00eatre consult\u00e9e sur ce lien<\/a>.<\/p>\n<h2>Mises \u00e0 jour et modifications<\/h2>\n<p>En raison de la nature dynamique du Web, il n&rsquo;est pas toujours possible de contr\u00f4ler les cookies stock\u00e9s par des tiers sur un site Web. Vous \u00eates donc pri\u00e9 d&rsquo;informer nos r\u00e9f\u00e9rences de la pr\u00e9sence d&rsquo;un cookie qui ne figure pas dans la liste ci-dessus. Il est possible que ce texte doive \u00eatre modifi\u00e9. Nous sommes donc en droit de modifier le contenu des informations et des cookies \u00e9num\u00e9r\u00e9s \u00e0 tout moment et sans pr\u00e9avis. La version la plus r\u00e9cente se trouve dans ce texte.<\/p>\n","protected":false},"excerpt":{"rendered":"<p>Politique de confidentialit\u00e9 Ces informations sont fournies conform\u00e9ment au r\u00e8glement UE 679\/2016, relatif \u00e0 la protection des donn\u00e9es \u00e0 caract\u00e8re personnel, aux utilisateurs du site www.saeg.it, accessible depuis la page web www.saeg.it. La d\u00e9claration d\u00e9crit les modalit\u00e9s de gestion des donn\u00e9es personnelles des utilisateurs qui consultent le site et utilisent ses services, par exemple en [&hellip;]<\/p>\n","protected":false},"author":1,"featured_media":0,"parent":0,"menu_order":0,"comment_status":"closed","ping_status":"open","template":"","meta":{"_acf_changed":false,"footnotes":""},"class_list":["post-696","page","type-page","status-publish","hentry"],"acf":[],"yoast_head":"<!-- This site is optimized with the Yoast SEO plugin v27.4 - https:\/\/yoast.com\/product\/yoast-seo-wordpress\/ -->\n<title>Privacy Policy - Saeg<\/title>\n<meta name=\"robots\" content=\"index, follow, max-snippet:-1, max-image-preview:large, max-video-preview:-1\" \/>\n<link rel=\"canonical\" href=\"https:\/\/saeg.it\/fr\/privacy-policy\/\" \/>\n<meta property=\"og:locale\" content=\"fr_FR\" \/>\n<meta property=\"og:type\" content=\"article\" \/>\n<meta property=\"og:title\" content=\"Privacy Policy - Saeg\" \/>\n<meta property=\"og:description\" content=\"Politique de confidentialit\u00e9 Ces informations sont fournies conform\u00e9ment au r\u00e8glement UE 679\/2016, relatif \u00e0 la protection des donn\u00e9es \u00e0 caract\u00e8re personnel, aux utilisateurs du site www.saeg.it, accessible depuis la page web www.saeg.it. La d\u00e9claration d\u00e9crit les modalit\u00e9s de gestion des donn\u00e9es personnelles des utilisateurs qui consultent le site et utilisent ses services, par exemple en [&hellip;]\" \/>\n<meta property=\"og:url\" content=\"https:\/\/saeg.it\/fr\/privacy-policy\/\" \/>\n<meta property=\"og:site_name\" content=\"Saeg\" \/>\n<meta property=\"article:publisher\" content=\"https:\/\/www.facebook.com\/100063684787874\/\" \/>\n<meta property=\"article:modified_time\" content=\"2023-04-02T17:13:07+00:00\" \/>\n<meta name=\"twitter:card\" content=\"summary_large_image\" \/>\n<meta name=\"twitter:label1\" content=\"Dur\u00e9e de lecture estim\u00e9e\" \/>\n\t<meta name=\"twitter:data1\" content=\"10 minutes\" \/>\n<script type=\"application\/ld+json\" class=\"yoast-schema-graph\">{\"@context\":\"https:\\\/\\\/schema.org\",\"@graph\":[{\"@type\":\"WebPage\",\"@id\":\"https:\\\/\\\/saeg.it\\\/fr\\\/privacy-policy\\\/\",\"url\":\"https:\\\/\\\/saeg.it\\\/fr\\\/privacy-policy\\\/\",\"name\":\"Privacy Policy - Saeg\",\"isPartOf\":{\"@id\":\"https:\\\/\\\/saeg.it\\\/fr\\\/#website\"},\"datePublished\":\"2022-12-12T16:13:35+00:00\",\"dateModified\":\"2023-04-02T17:13:07+00:00\",\"breadcrumb\":{\"@id\":\"https:\\\/\\\/saeg.it\\\/fr\\\/privacy-policy\\\/#breadcrumb\"},\"inLanguage\":\"fr-FR\",\"potentialAction\":[{\"@type\":\"ReadAction\",\"target\":[\"https:\\\/\\\/saeg.it\\\/fr\\\/privacy-policy\\\/\"]}]},{\"@type\":\"BreadcrumbList\",\"@id\":\"https:\\\/\\\/saeg.it\\\/fr\\\/privacy-policy\\\/#breadcrumb\",\"itemListElement\":[{\"@type\":\"ListItem\",\"position\":1,\"name\":\"Home\",\"item\":\"https:\\\/\\\/saeg.it\\\/fr\\\/\"},{\"@type\":\"ListItem\",\"position\":2,\"name\":\"Privacy Policy\"}]},{\"@type\":\"WebSite\",\"@id\":\"https:\\\/\\\/saeg.it\\\/fr\\\/#website\",\"url\":\"https:\\\/\\\/saeg.it\\\/fr\\\/\",\"name\":\"Saeg\",\"description\":\"\",\"publisher\":{\"@id\":\"https:\\\/\\\/saeg.it\\\/fr\\\/#organization\"},\"potentialAction\":[{\"@type\":\"SearchAction\",\"target\":{\"@type\":\"EntryPoint\",\"urlTemplate\":\"https:\\\/\\\/saeg.it\\\/fr\\\/?s={search_term_string}\"},\"query-input\":{\"@type\":\"PropertyValueSpecification\",\"valueRequired\":true,\"valueName\":\"search_term_string\"}}],\"inLanguage\":\"fr-FR\"},{\"@type\":\"Organization\",\"@id\":\"https:\\\/\\\/saeg.it\\\/fr\\\/#organization\",\"name\":\"Saeg\",\"url\":\"https:\\\/\\\/saeg.it\\\/fr\\\/\",\"logo\":{\"@type\":\"ImageObject\",\"inLanguage\":\"fr-FR\",\"@id\":\"https:\\\/\\\/saeg.it\\\/fr\\\/#\\\/schema\\\/logo\\\/image\\\/\",\"url\":\"https:\\\/\\\/saeg.it\\\/wp-content\\\/uploads\\\/2024\\\/05\\\/saeg-logo.jpeg\",\"contentUrl\":\"https:\\\/\\\/saeg.it\\\/wp-content\\\/uploads\\\/2024\\\/05\\\/saeg-logo.jpeg\",\"width\":719,\"height\":720,\"caption\":\"Saeg\"},\"image\":{\"@id\":\"https:\\\/\\\/saeg.it\\\/fr\\\/#\\\/schema\\\/logo\\\/image\\\/\"},\"sameAs\":[\"https:\\\/\\\/www.facebook.com\\\/100063684787874\\\/\"]}]}<\/script>\n<!-- \/ Yoast SEO plugin. -->","yoast_head_json":{"title":"Privacy Policy - Saeg","robots":{"index":"index","follow":"follow","max-snippet":"max-snippet:-1","max-image-preview":"max-image-preview:large","max-video-preview":"max-video-preview:-1"},"canonical":"https:\/\/saeg.it\/fr\/privacy-policy\/","og_locale":"fr_FR","og_type":"article","og_title":"Privacy Policy - Saeg","og_description":"Politique de confidentialit\u00e9 Ces informations sont fournies conform\u00e9ment au r\u00e8glement UE 679\/2016, relatif \u00e0 la protection des donn\u00e9es \u00e0 caract\u00e8re personnel, aux utilisateurs du site www.saeg.it, accessible depuis la page web www.saeg.it. La d\u00e9claration d\u00e9crit les modalit\u00e9s de gestion des donn\u00e9es personnelles des utilisateurs qui consultent le site et utilisent ses services, par exemple en [&hellip;]","og_url":"https:\/\/saeg.it\/fr\/privacy-policy\/","og_site_name":"Saeg","article_publisher":"https:\/\/www.facebook.com\/100063684787874\/","article_modified_time":"2023-04-02T17:13:07+00:00","twitter_card":"summary_large_image","twitter_misc":{"Dur\u00e9e de lecture estim\u00e9e":"10 minutes"},"schema":{"@context":"https:\/\/schema.org","@graph":[{"@type":"WebPage","@id":"https:\/\/saeg.it\/fr\/privacy-policy\/","url":"https:\/\/saeg.it\/fr\/privacy-policy\/","name":"Privacy Policy - Saeg","isPartOf":{"@id":"https:\/\/saeg.it\/fr\/#website"},"datePublished":"2022-12-12T16:13:35+00:00","dateModified":"2023-04-02T17:13:07+00:00","breadcrumb":{"@id":"https:\/\/saeg.it\/fr\/privacy-policy\/#breadcrumb"},"inLanguage":"fr-FR","potentialAction":[{"@type":"ReadAction","target":["https:\/\/saeg.it\/fr\/privacy-policy\/"]}]},{"@type":"BreadcrumbList","@id":"https:\/\/saeg.it\/fr\/privacy-policy\/#breadcrumb","itemListElement":[{"@type":"ListItem","position":1,"name":"Home","item":"https:\/\/saeg.it\/fr\/"},{"@type":"ListItem","position":2,"name":"Privacy Policy"}]},{"@type":"WebSite","@id":"https:\/\/saeg.it\/fr\/#website","url":"https:\/\/saeg.it\/fr\/","name":"Saeg","description":"","publisher":{"@id":"https:\/\/saeg.it\/fr\/#organization"},"potentialAction":[{"@type":"SearchAction","target":{"@type":"EntryPoint","urlTemplate":"https:\/\/saeg.it\/fr\/?s={search_term_string}"},"query-input":{"@type":"PropertyValueSpecification","valueRequired":true,"valueName":"search_term_string"}}],"inLanguage":"fr-FR"},{"@type":"Organization","@id":"https:\/\/saeg.it\/fr\/#organization","name":"Saeg","url":"https:\/\/saeg.it\/fr\/","logo":{"@type":"ImageObject","inLanguage":"fr-FR","@id":"https:\/\/saeg.it\/fr\/#\/schema\/logo\/image\/","url":"https:\/\/saeg.it\/wp-content\/uploads\/2024\/05\/saeg-logo.jpeg","contentUrl":"https:\/\/saeg.it\/wp-content\/uploads\/2024\/05\/saeg-logo.jpeg","width":719,"height":720,"caption":"Saeg"},"image":{"@id":"https:\/\/saeg.it\/fr\/#\/schema\/logo\/image\/"},"sameAs":["https:\/\/www.facebook.com\/100063684787874\/"]}]}},"_links":{"self":[{"href":"https:\/\/saeg.it\/fr\/wp-json\/wp\/v2\/pages\/696","targetHints":{"allow":["GET"]}}],"collection":[{"href":"https:\/\/saeg.it\/fr\/wp-json\/wp\/v2\/pages"}],"about":[{"href":"https:\/\/saeg.it\/fr\/wp-json\/wp\/v2\/types\/page"}],"author":[{"embeddable":true,"href":"https:\/\/saeg.it\/fr\/wp-json\/wp\/v2\/users\/1"}],"replies":[{"embeddable":true,"href":"https:\/\/saeg.it\/fr\/wp-json\/wp\/v2\/comments?post=696"}],"version-history":[{"count":5,"href":"https:\/\/saeg.it\/fr\/wp-json\/wp\/v2\/pages\/696\/revisions"}],"predecessor-version":[{"id":995,"href":"https:\/\/saeg.it\/fr\/wp-json\/wp\/v2\/pages\/696\/revisions\/995"}],"wp:attachment":[{"href":"https:\/\/saeg.it\/fr\/wp-json\/wp\/v2\/media?parent=696"}],"curies":[{"name":"wp","href":"https:\/\/api.w.org\/{rel}","templated":true}]}}