{"id":820,"date":"2023-03-21T11:22:15","date_gmt":"2023-03-21T10:22:15","guid":{"rendered":"http:\/\/saeg.it\/cookie-policy\/"},"modified":"2023-03-21T19:37:14","modified_gmt":"2023-03-21T18:37:14","slug":"cookie-policy","status":"publish","type":"page","link":"https:\/\/saeg.it\/fr\/cookie-policy\/","title":{"rendered":"Cookie policy"},"content":{"rendered":"<p>La pr\u00e9sente politique en mati\u00e8re de cookies concerne le site web www.saeg.it et (ci-apr\u00e8s d\u00e9nomm\u00e9 le \u00ab\u00a0site\u00a0\u00bb)<br \/>\nCette page explique ce que sont les cookies, comment ils sont utilis\u00e9s sur le site et comment ils peuvent \u00eatre g\u00e9r\u00e9s ou supprim\u00e9s.<\/p>\n<h2>Qu&rsquo;est-ce qu&rsquo;un cookie?<\/h2>\n<p>Les cookies sont de petits fichiers envoy\u00e9s par le site web \u00e0 votre ordinateur, tablette, t\u00e9l\u00e9phone mobile ou autre appareil que vous pouvez utiliser pour vous connecter au site, afin d&rsquo;am\u00e9liorer votre exp\u00e9rience d&rsquo;utilisateur. Ils sont stock\u00e9s sur le disque dur de l&rsquo;ordinateur, ce qui permet au site web de reconna\u00eetre les utilisateurs et de stocker certaines informations les concernant, afin de permettre ou d&rsquo;am\u00e9liorer le service offert.<\/p>\n<p>Il existe diff\u00e9rents types de cookies. Certaines sont n\u00e9cessaires pour pouvoir naviguer sur le site, d&rsquo;autres ont des objectifs diff\u00e9rents, tels que garantir la s\u00e9curit\u00e9 interne, administrer le syst\u00e8me, effectuer des analyses statistiques, comprendre quelles sections du site int\u00e9ressent le plus les utilisateurs ou offrir une visite personnalis\u00e9e du site.<\/p>\n<p>La d\u00e9sactivation des cookies peut limiter votre capacit\u00e9 \u00e0 utiliser le site et vous emp\u00eacher de profiter pleinement des fonctionnalit\u00e9s et des services du site. Afin de d\u00e9cider lesquels accepter et lesquels rejeter, une description des cookies utilis\u00e9s sur le site est pr\u00e9sent\u00e9e ci-dessous.<\/p>\n<h2>R\u00e8glements de r\u00e9f\u00e9rence<\/h2>\n<p>Le l\u00e9gislateur, qui met en \u0153uvre les dispositions contenues dans la directive 2009\/136\/CE et, par la suite, le r\u00e8glement UE 2016\/679 et le Garante della Privacy du 10\/06\/2021,<br \/>\na r\u00e9tabli l&rsquo;obligation d&rsquo;obtenir le consentement pr\u00e9alable et inform\u00e9 des utilisateurs pour l&rsquo;installation de cookies utilis\u00e9s \u00e0 des fins autres que purement techniques (cf. 28 mai 2012, no. 69, qui modifie l&rsquo;art. 122 du Code).<\/p>\n<p>Deux groupes principaux sont donc identifi\u00e9s : les cookies \u00ab\u00a0techniques\u00a0\u00bb et les cookies \u00ab\u00a0de profilage\u00a0\u00bb. Il existe \u00e9galement des cookies install\u00e9s par une partie autre que le propri\u00e9taire\/gestionnaire du site (appel\u00e9s \u00ab\u00a0tiers\u00a0\u00bb).<\/p>\n<p>L&rsquo;ordonnance de l&rsquo;Autorit\u00e9 de protection des donn\u00e9es personnelles n\u00b0. 229\/2014 et par la suite le r\u00e8glement UE 2016\/679 et l&rsquo;arr\u00eat\u00e9 de la Garante du 10\/06\/2021,<br \/>\nidentifier des proc\u00e9dures simplifi\u00e9es pour la fourniture d&rsquo;informations et l&rsquo;obtention du consentement \u00e0 l&rsquo;utilisation de cookies.<\/p>\n<p>Le r\u00e8glement UE 679\/2016 et les r\u00e8glements ult\u00e9rieurs remplacent et compl\u00e8tent la pr\u00e9c\u00e9dente loi sur les cookies (229\/2014).<\/p>\n<h2>Cookies techniques<\/h2>\n<p>Les cookies techniques ne sont utilis\u00e9s que pour effectuer la transmission d&rsquo;une communication sur un r\u00e9seau de communications \u00e9lectroniques, ou dans la mesure strictement n\u00e9cessaire au fournisseur d&rsquo;un service de la soci\u00e9t\u00e9 de l&rsquo;information auquel l&rsquo;abonn\u00e9 ou l&rsquo;utilisateur a explicitement demand\u00e9 de fournir ce service. Elles ne sont pas utilis\u00e9es \u00e0 d&rsquo;autres fins.<\/p>\n<p>Ils peuvent \u00eatre subdivis\u00e9s en \u00ab\u00a0navigation\u00a0\u00bb ou \u00ab\u00a0session\u00a0\u00bb, qui permettent de naviguer sur le site web (par exemple, s&rsquo;authentifier pour les zones restreintes, effectuer des achats).<\/p>\n<p>Les cookies analytiques sont assimil\u00e9s \u00e0 des cookies techniques, s&rsquo;ils sont utilis\u00e9s directement par l&rsquo;op\u00e9rateur du site pour collecter des informations sur le nombre d&rsquo;utilisateurs et la mani\u00e8re dont ils visitent le site ; les cookies de fonctionnalit\u00e9, qui permettent \u00e0 l&rsquo;utilisateur de naviguer en fonction d&rsquo;un certain nombre de crit\u00e8res (par exemple la langue).<\/p>\n<p>Le consentement pr\u00e9alable des utilisateurs n&rsquo;est pas requis pour l&rsquo;installation de cookies techniques, alors que l&rsquo;obligation de fournir des informations en vertu de l&rsquo;art. 13 du Code.<\/p>\n<h2>Cookies d&rsquo;analyse de tiers<\/h2>\n<p>Ces cookies sont utilis\u00e9s pour collecter des informations sur l&rsquo;utilisation du site par les utilisateurs sous une forme anonyme, telles que les pages visit\u00e9es, le temps pass\u00e9, l&rsquo;origine du trafic, l&rsquo;origine g\u00e9ographique, l&rsquo;\u00e2ge, le sexe et les centres d&rsquo;int\u00e9r\u00eat, dans le but de mener des campagnes de marketing. Ces cookies sont envoy\u00e9s par des domaines tiers en dehors du site.<\/p>\n<p>Le site utilise des cookies \u00ab\u00a0anonymes\u00a0\u00bb de Google Analitics, qui peuvent \u00eatre assimil\u00e9s \u00e0 des cookies techniques.<\/p>\n<p>Pour plus d&rsquo;informations sur les cookies utilis\u00e9s par Google Analytics, voir <a href=\"https:\/\/developers.google.com\/analytics\/devguides\/collection\/analyticsjs\/cookie-usage\" target=\"_blank\" rel=\"noopener\">disponible \u00e0 cette adresse<\/a>.<br \/>\nLieu de transformation : Irlande\u2013 <a href=\"http:\/\/www.google.com\/intl\/it\/policies\/privacy\/\" target=\"_blank\" rel=\"noopener\">Privacy Policy<\/a> \u2013 <a href=\"http:\/\/tools.google.com\/dlpage\/gaoptout?hl=it\" target=\"_blank\" rel=\"noopener\">Opt Out<\/a><\/p>\n<h2>Cookies de tiers<\/h2>\n<p>Le site utilise des cookies de Iubenda.com pour la cr\u00e9ation et la gestion de la politique de confidentialit\u00e9 et de la politique en mati\u00e8re de cookies du site. <a href=\"https:\/\/www.iubenda.com\/privacy-policy\/775731\/legal?ifr=true&amp;height=643&amp;an=no\" target=\"_blank\" rel=\"noopener\">Privacy Policy \u00c0 propos d&rsquo;Iubenda<\/a><\/p>\n<p>Le site utilise Google Maps pour afficher les cartes. L&rsquo;utilisation est soumise aux r\u00e8gles de confidentialit\u00e9 et aux conditions d&rsquo;utilisation de Google.<br \/>\n<a href=\"https:\/\/www.google.com\/intl\/it\/policies\/privacy\/\" target=\"_blank\" rel=\"noopener\">Privacy Policy<\/a><br \/>\nDonn\u00e9es personnelles trait\u00e9es : Cookies et donn\u00e9es d&rsquo;utilisation. Lieu de traitement : Irlande<\/p>\n<p>Le site utilise Font Awesome pour la g\u00e9n\u00e9ration des ic\u00f4nes. <a href=\"https:\/\/fontawesome.com\/tos\" target=\"_blank\" rel=\"noopener\">Conditions d&rsquo;utilisation<\/a><\/p>\n<p>Le site utilise hCaptcha, un service de protection contre le SPAM. L&rsquo;utilisation du syst\u00e8me hCAPTCHA est soumise \u00e0 la politique de protection de la vie priv\u00e9e et aux conditions d&rsquo;utilisation du syst\u00e8me hCAPTCHA<a href=\"https:\/\/www.hcaptcha.com\/terms\">conditions d&rsquo;utilisation<\/a>.<\/p>\n<h2>Cookies de profilage<\/h2>\n<p>Il s&rsquo;agit des cookies n\u00e9cessaires pour cr\u00e9er des profils d&rsquo;utilisateurs afin d&rsquo;envoyer des messages publicitaires en fonction des pr\u00e9f\u00e9rences exprim\u00e9es par l&rsquo;utilisateur dans les pages du site.<br \/>\nPour ces types de cookies, il est n\u00e9cessaire que l&rsquo;utilisateur exprime son consentement au traitement.<\/p>\n<p>Le site utilise des cookies techniques et non des cookies de profilage.<\/p>\n<h2>Cookies techniques contenus dans le site<\/h2>\n<table border=\"0\" width=\"100%\" cellspacing=\"0\" cellpadding=\"0\">\n<tbody>\n<tr>\n<td width=\"12%\">Nom<\/td>\n<td width=\"12%\">Type<\/td>\n<td width=\"16%\">Dur\u00e9e de l&rsquo;accord<\/td>\n<td>Objectif<\/td>\n<\/tr>\n<tr>\n<td>PHPSESSID<\/td>\n<td>technicien<\/td>\n<td>\u00e0 la fin de la session<\/td>\n<td>Un cookie natif de PHP qui permet aux sites web de stocker des donn\u00e9es sur l&rsquo;\u00e9tat de la s\u00e9rialisation. Il est utilis\u00e9 pour \u00e9tablir une session utilisateur et pour communiquer des donn\u00e9es d&rsquo;\u00e9tat via un cookie temporaire, commun\u00e9ment appel\u00e9 cookie de session.<\/td>\n<\/tr>\n<tr>\n<td>WP-XXXXXXXXX<\/td>\n<td>technicien<\/td>\n<td>1 mois<\/td>\n<td>Cookie utilis\u00e9 par WordPress pour enregistrer des informations et maintenir la session de l&rsquo;utilisateur ouverte. Permet d&rsquo;enregistrer des informations telles que la devise, la langue, etc.<\/td>\n<\/tr>\n<tr>\n<td>cb_enabled<br \/>\n_iub_cs-xxxxxx<\/td>\n<td>technicien<\/td>\n<td>365 jours<\/td>\n<td>Cookie d&rsquo;Iubenda. Indique si l&rsquo;utilisateur a d\u00e9j\u00e0 consenti \u00e0 l&rsquo;utilisation de cookies.<\/td>\n<\/tr>\n<tr>\n<td>_ga<\/td>\n<td>technicien tiers<\/td>\n<td>2 ans<\/td>\n<td rowspan=\"3\">Ces cookies tiers (Google Analytics) sont utilis\u00e9s pour collecter des informations sur l&rsquo;utilisation du site par les visiteurs (par exemple, l&rsquo;heure et le jour de la visite, les visites pr\u00e9c\u00e9dentes du m\u00eame visiteur, le site d&rsquo;origine, etc.) Ces informations sont utilis\u00e9es pour am\u00e9liorer le site lui-m\u00eame.<\/td>\n<\/tr>\n<tr>\n<td>_gat<\/td>\n<td>technicien tiers<\/td>\n<td>1 minute<\/td>\n<\/tr>\n<tr>\n<td>_gid<\/td>\n<td>technicien tiers<\/td>\n<td>1 jour<\/td>\n<\/tr>\n<tr>\n<td>_cfduid<\/td>\n<td>technicien tiers<\/td>\n<td>1 an<\/td>\n<td>Il est mis en place par le service CloudFlare pour identifier le trafic web de confiance. Le cookie ne stocke aucune information personnelle.<\/td>\n<\/tr>\n<\/tbody>\n<\/table>\n<h2>Comment g\u00e9rer les cookies<\/h2>\n<p>Si les pr\u00e9f\u00e9rences de votre navigateur le permettent, la plupart des sites web envoient des cookies \u00e0 votre ordinateur ou \u00e0 votre t\u00e9l\u00e9phone portable. Il est toutefois possible de modifier ces param\u00e8tres.<br \/>\nChaque navigateur permet de g\u00e9rer les cookies de diff\u00e9rentes mani\u00e8res, souvent par le biais de l&rsquo;onglet \u00ab\u00a0Pr\u00e9f\u00e9rences\u00a0\u00bb ou \u00ab\u00a0Options\u00a0\u00bb.<br \/>\nPar le biais des pr\u00e9f\u00e9rences de votre navigateur, vous pouvez \u00e9galement supprimer les cookies install\u00e9s dans le pass\u00e9, y compris le cookie dans lequel vous avez \u00e9ventuellement enregistr\u00e9 votre consentement \u00e0 l&rsquo;installation de cookies par ce site.<br \/>\nEn d\u00e9sactivant tous les cookies, le site peut ne pas fonctionner correctement.<\/p>\n<p>Des informations sur la mani\u00e8re de g\u00e9rer les cookies dans votre borwser sont disponibles aux adresses suivantes :<br \/>\n<a href=\"https:\/\/support.google.com\/chrome\/answer\/95647?hl=it&amp;p=cpn_cookies\" target=\"_blank\" rel=\"noopener\">Google Chrome<\/a>,<br \/>\n<a href=\"https:\/\/support.mozilla.org\/it\/kb\/Attivare%20e%20disattivare%20i%20cookie?redirectlocale=en-US&amp;redirectslug=Enabling+and+disabling+cookies\" target=\"_blank\" rel=\"noopener\">Mozilla Firefox<\/a>,<br \/>\n<a href=\"https:\/\/support.apple.com\/kb\/PH19214?viewlocale=it_IT&amp;locale=en_US\" target=\"_blank\" rel=\"noopener\">Apple Safari<\/a>,<br \/>\n<a href=\"http:\/\/windows.microsoft.com\/it-it\/windows-vista\/block-or-allow-cookies\" target=\"_blank\" rel=\"noopener\">Microsoft Windows Explorer<\/a>,<br \/>\n<a href=\"https:\/\/support.microsoft.com\/it-it\/help\/4027947\" target=\"_blank\" rel=\"noopener\">Microsoft Edge<\/a>,<br \/>\n<a href=\"https:\/\/support.brave.com\/hc\/articles\/360022806212-How-do-I-use-Shields-while-browsing\" target=\"_blank\" rel=\"noopener\">Brave<\/a>,<br \/>\n<a href=\"https:\/\/help.opera.com\/latest\/web-preferences\/#cookies\" target=\"_blank\" rel=\"noopener\">Opera<\/a>.<\/p>\n<p>Dans le cas de services fournis par des tiers, Google fournit <a href=\"http:\/\/tools.google.com\/dlpage\/gaoptout?hl=it\" target=\"_blank\" rel=\"noopener\">un outil sp\u00e9cial<\/a>.<\/p>\n<h2>Privacy Policy<\/h2>\n<p>La Privacy Policy peuvent \u00eatre consult\u00e9s <a href=\"http:\/\/saeg.it\/fr\/?page_id=696\">via ce lien<\/a>.<\/p>\n<h2>Mises \u00e0 jour et modifications<\/h2>\n<p>\u00c9tant donn\u00e9 la nature dynamique du Web, il n&rsquo;est pas possible de toujours contr\u00f4ler les cookies qui sont stock\u00e9s par des tiers sur un site Web. L&rsquo;utilisateur est donc pri\u00e9 d&rsquo;informer nos r\u00e9f\u00e9rences de la pr\u00e9sence d&rsquo;un tel cookie non r\u00e9pertori\u00e9 ci-dessus.<\/p>\n<p>Il est possible que ce texte doive \u00eatre modifi\u00e9. Nous sommes donc en droit de modifier le contenu des informations et des cookies r\u00e9pertori\u00e9s \u00e0 tout moment et sans pr\u00e9avis. La version la plus r\u00e9cente se trouve dans ce texte.<\/p>\n","protected":false},"excerpt":{"rendered":"<p>La pr\u00e9sente politique en mati\u00e8re de cookies concerne le site web www.saeg.it et (ci-apr\u00e8s d\u00e9nomm\u00e9 le \u00ab\u00a0site\u00a0\u00bb) Cette page explique ce que sont les cookies, comment ils sont utilis\u00e9s sur le site et comment ils peuvent \u00eatre g\u00e9r\u00e9s ou supprim\u00e9s. Qu&rsquo;est-ce qu&rsquo;un cookie? Les cookies sont de petits fichiers envoy\u00e9s par le site web \u00e0 [&hellip;]<\/p>\n","protected":false},"author":1,"featured_media":0,"parent":0,"menu_order":0,"comment_status":"closed","ping_status":"closed","template":"","meta":{"_acf_changed":false,"footnotes":""},"class_list":["post-820","page","type-page","status-publish","hentry"],"acf":[],"yoast_head":"<!-- This site is optimized with the Yoast SEO plugin v27.4 - https:\/\/yoast.com\/product\/yoast-seo-wordpress\/ -->\n<title>Cookie policy - Saeg<\/title>\n<meta name=\"robots\" content=\"index, follow, max-snippet:-1, max-image-preview:large, max-video-preview:-1\" \/>\n<link rel=\"canonical\" href=\"https:\/\/saeg.it\/fr\/cookie-policy\/\" \/>\n<meta property=\"og:locale\" content=\"fr_FR\" \/>\n<meta property=\"og:type\" content=\"article\" \/>\n<meta property=\"og:title\" content=\"Cookie policy - Saeg\" \/>\n<meta property=\"og:description\" content=\"La pr\u00e9sente politique en mati\u00e8re de cookies concerne le site web www.saeg.it et (ci-apr\u00e8s d\u00e9nomm\u00e9 le \u00ab\u00a0site\u00a0\u00bb) Cette page explique ce que sont les cookies, comment ils sont utilis\u00e9s sur le site et comment ils peuvent \u00eatre g\u00e9r\u00e9s ou supprim\u00e9s. Qu&rsquo;est-ce qu&rsquo;un cookie? Les cookies sont de petits fichiers envoy\u00e9s par le site web \u00e0 [&hellip;]\" \/>\n<meta property=\"og:url\" content=\"https:\/\/saeg.it\/fr\/cookie-policy\/\" \/>\n<meta property=\"og:site_name\" content=\"Saeg\" \/>\n<meta property=\"article:publisher\" content=\"https:\/\/www.facebook.com\/100063684787874\/\" \/>\n<meta property=\"article:modified_time\" content=\"2023-03-21T18:37:14+00:00\" \/>\n<meta name=\"twitter:card\" content=\"summary_large_image\" \/>\n<meta name=\"twitter:label1\" content=\"Dur\u00e9e de lecture estim\u00e9e\" \/>\n\t<meta name=\"twitter:data1\" content=\"7 minutes\" \/>\n<script type=\"application\/ld+json\" class=\"yoast-schema-graph\">{\"@context\":\"https:\\\/\\\/schema.org\",\"@graph\":[{\"@type\":\"WebPage\",\"@id\":\"https:\\\/\\\/saeg.it\\\/fr\\\/cookie-policy\\\/\",\"url\":\"https:\\\/\\\/saeg.it\\\/fr\\\/cookie-policy\\\/\",\"name\":\"Cookie policy - Saeg\",\"isPartOf\":{\"@id\":\"https:\\\/\\\/saeg.it\\\/fr\\\/#website\"},\"datePublished\":\"2023-03-21T10:22:15+00:00\",\"dateModified\":\"2023-03-21T18:37:14+00:00\",\"breadcrumb\":{\"@id\":\"https:\\\/\\\/saeg.it\\\/fr\\\/cookie-policy\\\/#breadcrumb\"},\"inLanguage\":\"fr-FR\",\"potentialAction\":[{\"@type\":\"ReadAction\",\"target\":[\"https:\\\/\\\/saeg.it\\\/fr\\\/cookie-policy\\\/\"]}]},{\"@type\":\"BreadcrumbList\",\"@id\":\"https:\\\/\\\/saeg.it\\\/fr\\\/cookie-policy\\\/#breadcrumb\",\"itemListElement\":[{\"@type\":\"ListItem\",\"position\":1,\"name\":\"Home\",\"item\":\"https:\\\/\\\/saeg.it\\\/fr\\\/\"},{\"@type\":\"ListItem\",\"position\":2,\"name\":\"Cookie policy\"}]},{\"@type\":\"WebSite\",\"@id\":\"https:\\\/\\\/saeg.it\\\/fr\\\/#website\",\"url\":\"https:\\\/\\\/saeg.it\\\/fr\\\/\",\"name\":\"Saeg\",\"description\":\"\",\"publisher\":{\"@id\":\"https:\\\/\\\/saeg.it\\\/fr\\\/#organization\"},\"potentialAction\":[{\"@type\":\"SearchAction\",\"target\":{\"@type\":\"EntryPoint\",\"urlTemplate\":\"https:\\\/\\\/saeg.it\\\/fr\\\/?s={search_term_string}\"},\"query-input\":{\"@type\":\"PropertyValueSpecification\",\"valueRequired\":true,\"valueName\":\"search_term_string\"}}],\"inLanguage\":\"fr-FR\"},{\"@type\":\"Organization\",\"@id\":\"https:\\\/\\\/saeg.it\\\/fr\\\/#organization\",\"name\":\"Saeg\",\"url\":\"https:\\\/\\\/saeg.it\\\/fr\\\/\",\"logo\":{\"@type\":\"ImageObject\",\"inLanguage\":\"fr-FR\",\"@id\":\"https:\\\/\\\/saeg.it\\\/fr\\\/#\\\/schema\\\/logo\\\/image\\\/\",\"url\":\"https:\\\/\\\/saeg.it\\\/wp-content\\\/uploads\\\/2024\\\/05\\\/saeg-logo.jpeg\",\"contentUrl\":\"https:\\\/\\\/saeg.it\\\/wp-content\\\/uploads\\\/2024\\\/05\\\/saeg-logo.jpeg\",\"width\":719,\"height\":720,\"caption\":\"Saeg\"},\"image\":{\"@id\":\"https:\\\/\\\/saeg.it\\\/fr\\\/#\\\/schema\\\/logo\\\/image\\\/\"},\"sameAs\":[\"https:\\\/\\\/www.facebook.com\\\/100063684787874\\\/\"]}]}<\/script>\n<!-- \/ Yoast SEO plugin. -->","yoast_head_json":{"title":"Cookie policy - Saeg","robots":{"index":"index","follow":"follow","max-snippet":"max-snippet:-1","max-image-preview":"max-image-preview:large","max-video-preview":"max-video-preview:-1"},"canonical":"https:\/\/saeg.it\/fr\/cookie-policy\/","og_locale":"fr_FR","og_type":"article","og_title":"Cookie policy - Saeg","og_description":"La pr\u00e9sente politique en mati\u00e8re de cookies concerne le site web www.saeg.it et (ci-apr\u00e8s d\u00e9nomm\u00e9 le \u00ab\u00a0site\u00a0\u00bb) Cette page explique ce que sont les cookies, comment ils sont utilis\u00e9s sur le site et comment ils peuvent \u00eatre g\u00e9r\u00e9s ou supprim\u00e9s. Qu&rsquo;est-ce qu&rsquo;un cookie? Les cookies sont de petits fichiers envoy\u00e9s par le site web \u00e0 [&hellip;]","og_url":"https:\/\/saeg.it\/fr\/cookie-policy\/","og_site_name":"Saeg","article_publisher":"https:\/\/www.facebook.com\/100063684787874\/","article_modified_time":"2023-03-21T18:37:14+00:00","twitter_card":"summary_large_image","twitter_misc":{"Dur\u00e9e de lecture estim\u00e9e":"7 minutes"},"schema":{"@context":"https:\/\/schema.org","@graph":[{"@type":"WebPage","@id":"https:\/\/saeg.it\/fr\/cookie-policy\/","url":"https:\/\/saeg.it\/fr\/cookie-policy\/","name":"Cookie policy - Saeg","isPartOf":{"@id":"https:\/\/saeg.it\/fr\/#website"},"datePublished":"2023-03-21T10:22:15+00:00","dateModified":"2023-03-21T18:37:14+00:00","breadcrumb":{"@id":"https:\/\/saeg.it\/fr\/cookie-policy\/#breadcrumb"},"inLanguage":"fr-FR","potentialAction":[{"@type":"ReadAction","target":["https:\/\/saeg.it\/fr\/cookie-policy\/"]}]},{"@type":"BreadcrumbList","@id":"https:\/\/saeg.it\/fr\/cookie-policy\/#breadcrumb","itemListElement":[{"@type":"ListItem","position":1,"name":"Home","item":"https:\/\/saeg.it\/fr\/"},{"@type":"ListItem","position":2,"name":"Cookie policy"}]},{"@type":"WebSite","@id":"https:\/\/saeg.it\/fr\/#website","url":"https:\/\/saeg.it\/fr\/","name":"Saeg","description":"","publisher":{"@id":"https:\/\/saeg.it\/fr\/#organization"},"potentialAction":[{"@type":"SearchAction","target":{"@type":"EntryPoint","urlTemplate":"https:\/\/saeg.it\/fr\/?s={search_term_string}"},"query-input":{"@type":"PropertyValueSpecification","valueRequired":true,"valueName":"search_term_string"}}],"inLanguage":"fr-FR"},{"@type":"Organization","@id":"https:\/\/saeg.it\/fr\/#organization","name":"Saeg","url":"https:\/\/saeg.it\/fr\/","logo":{"@type":"ImageObject","inLanguage":"fr-FR","@id":"https:\/\/saeg.it\/fr\/#\/schema\/logo\/image\/","url":"https:\/\/saeg.it\/wp-content\/uploads\/2024\/05\/saeg-logo.jpeg","contentUrl":"https:\/\/saeg.it\/wp-content\/uploads\/2024\/05\/saeg-logo.jpeg","width":719,"height":720,"caption":"Saeg"},"image":{"@id":"https:\/\/saeg.it\/fr\/#\/schema\/logo\/image\/"},"sameAs":["https:\/\/www.facebook.com\/100063684787874\/"]}]}},"_links":{"self":[{"href":"https:\/\/saeg.it\/fr\/wp-json\/wp\/v2\/pages\/820","targetHints":{"allow":["GET"]}}],"collection":[{"href":"https:\/\/saeg.it\/fr\/wp-json\/wp\/v2\/pages"}],"about":[{"href":"https:\/\/saeg.it\/fr\/wp-json\/wp\/v2\/types\/page"}],"author":[{"embeddable":true,"href":"https:\/\/saeg.it\/fr\/wp-json\/wp\/v2\/users\/1"}],"replies":[{"embeddable":true,"href":"https:\/\/saeg.it\/fr\/wp-json\/wp\/v2\/comments?post=820"}],"version-history":[{"count":1,"href":"https:\/\/saeg.it\/fr\/wp-json\/wp\/v2\/pages\/820\/revisions"}],"predecessor-version":[{"id":876,"href":"https:\/\/saeg.it\/fr\/wp-json\/wp\/v2\/pages\/820\/revisions\/876"}],"wp:attachment":[{"href":"https:\/\/saeg.it\/fr\/wp-json\/wp\/v2\/media?parent=820"}],"curies":[{"name":"wp","href":"https:\/\/api.w.org\/{rel}","templated":true}]}}